{"id":902,"date":"2020-12-06T17:16:01","date_gmt":"2020-12-06T16:16:01","guid":{"rendered":"https:\/\/www.skiverein-luetzel.de\/?page_id=902"},"modified":"2020-12-06T18:39:29","modified_gmt":"2020-12-06T17:39:29","slug":"elementor-902","status":"publish","type":"page","link":"https:\/\/www.skiverein-luetzel.de\/?page_id=902","title":{"rendered":"MS Teams"},"content":{"rendered":"\t\t<div data-elementor-type=\"wp-page\" data-elementor-id=\"902\" class=\"elementor elementor-902\">\n\t\t\t\t\t\t<section class=\"elementor-section elementor-top-section elementor-element elementor-element-0ae21d8 elementor-section-boxed elementor-section-height-default elementor-section-height-default\" data-id=\"0ae21d8\" data-element_type=\"section\">\n\t\t\t\t\t\t<div class=\"elementor-container elementor-column-gap-default\">\n\t\t\t\t\t<div class=\"elementor-column elementor-col-100 elementor-top-column elementor-element elementor-element-3f24687\" data-id=\"3f24687\" data-element_type=\"column\">\n\t\t\t<div class=\"elementor-widget-wrap elementor-element-populated\">\n\t\t\t\t\t\t<div class=\"elementor-element elementor-element-b9dc431 elementor-widget elementor-widget-heading\" data-id=\"b9dc431\" data-element_type=\"widget\" data-widget_type=\"heading.default\">\n\t\t\t\t<div class=\"elementor-widget-container\">\n\t\t\t<h2 class=\"elementor-heading-title elementor-size-default\">Videokonferenz <\/h2>\t\t<\/div>\n\t\t\t\t<\/div>\n\t\t\t\t\t<\/div>\n\t\t<\/div>\n\t\t\t\t\t<\/div>\n\t\t<\/section>\n\t\t\t\t<section class=\"elementor-section elementor-top-section elementor-element elementor-element-0161ae6 elementor-section-boxed elementor-section-height-default elementor-section-height-default\" data-id=\"0161ae6\" data-element_type=\"section\">\n\t\t\t\t\t\t<div class=\"elementor-container elementor-column-gap-default\">\n\t\t\t\t\t<div class=\"elementor-column elementor-col-100 elementor-top-column elementor-element elementor-element-9288ceb\" data-id=\"9288ceb\" data-element_type=\"column\">\n\t\t\t<div class=\"elementor-widget-wrap elementor-element-populated\">\n\t\t\t\t\t\t<div class=\"elementor-element elementor-element-8cc8723 elementor-widget elementor-widget-text-editor\" data-id=\"8cc8723\" data-element_type=\"widget\" data-widget_type=\"text-editor.default\">\n\t\t\t\t<div class=\"elementor-widget-container\">\n\t\t\t\t\t\t\t<p>Als Plattform f\u00fcr die Veranstaltung haben wir uns f\u00fcr Microsoft Teams entschieden. Es wird hierf\u00fcr keine extra Software ben\u00f6tigt. Der Zugang kann \u00fcber jeden aktuellen Browser erfolgen.<\/p><h4><a href=\"https:\/\/teams.microsoft.com\/dl\/launcher\/launcher.html?url=%2F_%23%2Fl%2Fmeetup-join%2F19%3Ameeting_NjA4NWQ4Y2MtZTFlYi00MzdhLWFmNjYtNmY1MDRlNWMxNzIy%40thread.v2%2F0%3Fcontext%3D%257b%2522Tid%2522%253a%2522f67180a2-9834-47b6-b262-e12ccd6b68f6%2522%252c%2522Oid%2522%253a%2522625631e7-5df7-4306-b055-c4c82b472aa4%2522%257d%26anon%3Dtrue&amp;type=meetup-join&amp;deeplinkId=62cb438a-a4a7-4fb0-91b1-e52b4a0ad7b5&amp;directDl=true&amp;msLaunch=true&amp;enableMobilePage=true&amp;suppressPrompt=true\">Klicken Sie hier, um an der Besprechung teilzunehmen<\/a><\/h4>\t\t\t\t\t\t<\/div>\n\t\t\t\t<\/div>\n\t\t\t\t\t<\/div>\n\t\t<\/div>\n\t\t\t\t\t<\/div>\n\t\t<\/section>\n\t\t\t\t<section class=\"elementor-section elementor-top-section elementor-element elementor-element-15c9f78 elementor-section-boxed elementor-section-height-default elementor-section-height-default\" data-id=\"15c9f78\" data-element_type=\"section\">\n\t\t\t\t\t\t<div class=\"elementor-container elementor-column-gap-default\">\n\t\t\t\t\t<div class=\"elementor-column elementor-col-100 elementor-top-column elementor-element elementor-element-4c6ab64\" data-id=\"4c6ab64\" data-element_type=\"column\">\n\t\t\t<div class=\"elementor-widget-wrap elementor-element-populated\">\n\t\t\t\t\t\t<div class=\"elementor-element elementor-element-37a710d elementor-widget elementor-widget-text-editor\" data-id=\"37a710d\" data-element_type=\"widget\" data-widget_type=\"text-editor.default\">\n\t\t\t\t<div class=\"elementor-widget-container\">\n\t\t\t\t\t\t\t<p><strong>Kurzanleitung:<\/strong>\u00a0<\/p><ul><li>Nach dem Klicken auf den obigen Link, \u00f6ffnet sich ein neues Browserfenster:<\/li><\/ul><p><img fetchpriority=\"high\" decoding=\"async\" class=\"alignnone wp-image-921\" src=\"https:\/\/www.skiverein-luetzel.de\/wp-content\/uploads\/2020\/12\/image001-300x180.png\" alt=\"\" width=\"620\" height=\"372\" srcset=\"https:\/\/www.skiverein-luetzel.de\/wp-content\/uploads\/2020\/12\/image001-300x180.png 300w, https:\/\/www.skiverein-luetzel.de\/wp-content\/uploads\/2020\/12\/image001-1024x614.png 1024w, https:\/\/www.skiverein-luetzel.de\/wp-content\/uploads\/2020\/12\/image001-768x461.png 768w, https:\/\/www.skiverein-luetzel.de\/wp-content\/uploads\/2020\/12\/image001.png 1150w\" sizes=\"(max-width: 620px) 100vw, 620px\" \/><\/p><ul><li>Hier w\u00e4hlt Ihr die mittlere M\u00f6glichkeit &#8220;In diesem Browser fortfahren&#8221;.<\/li><li>Danach \u00f6ffnet sich das folgende Fenster:<\/li><\/ul><p><img decoding=\"async\" class=\"alignnone wp-image-931\" src=\"https:\/\/www.skiverein-luetzel.de\/wp-content\/uploads\/2020\/12\/image002-300x220.png\" alt=\"\" width=\"620\" height=\"455\" srcset=\"https:\/\/www.skiverein-luetzel.de\/wp-content\/uploads\/2020\/12\/image002-300x220.png 300w, https:\/\/www.skiverein-luetzel.de\/wp-content\/uploads\/2020\/12\/image002.png 504w\" sizes=\"(max-width: 620px) 100vw, 620px\" \/><\/p><ul><li>Den \u201eNamen\u201c eingeben und \u201ejetzt Teilnehmen\u201c ausw\u00e4hlen. Kamera und Mikrofon werden \u00fcber die Icons an- und abgew\u00e4hlt.<\/li><\/ul><p>W\u00e4hrend der Besprechung k\u00f6nnt Ihr jederzeit das Mikrofon und die Kamera \u00fcber diese Symbole &#8220;Ein&#8221; und &#8220;Aus&#8221; schalten. Beim Start des Meetings ist es hilfreich, wenn alle Mikros erst einmal ausgeschaltet sind. Wenn Ihr Euch in die Diskussion einklinken wollt, schaltet Ihr das Mikrofon einfach an.<\/p><p>\u00a0<\/p>\t\t\t\t\t\t<\/div>\n\t\t\t\t<\/div>\n\t\t\t\t\t<\/div>\n\t\t<\/div>\n\t\t\t\t\t<\/div>\n\t\t<\/section>\n\t\t\t\t<\/div>\n\t\t","protected":false},"excerpt":{"rendered":"<p>Videokonferenz Als Plattform f\u00fcr die Veranstaltung haben wir uns f\u00fcr Microsoft Teams entschieden. Es wird hierf\u00fcr keine extra Software ben\u00f6tigt.<\/p>\n","protected":false},"author":4,"featured_media":0,"parent":0,"menu_order":0,"comment_status":"closed","ping_status":"closed","template":"","meta":{"footnotes":""},"class_list":["post-902","page","type-page","status-publish","hentry"],"_links":{"self":[{"href":"https:\/\/www.skiverein-luetzel.de\/index.php?rest_route=\/wp\/v2\/pages\/902","targetHints":{"allow":["GET"]}}],"collection":[{"href":"https:\/\/www.skiverein-luetzel.de\/index.php?rest_route=\/wp\/v2\/pages"}],"about":[{"href":"https:\/\/www.skiverein-luetzel.de\/index.php?rest_route=\/wp\/v2\/types\/page"}],"author":[{"embeddable":true,"href":"https:\/\/www.skiverein-luetzel.de\/index.php?rest_route=\/wp\/v2\/users\/4"}],"replies":[{"embeddable":true,"href":"https:\/\/www.skiverein-luetzel.de\/index.php?rest_route=%2Fwp%2Fv2%2Fcomments&post=902"}],"version-history":[{"count":0,"href":"https:\/\/www.skiverein-luetzel.de\/index.php?rest_route=\/wp\/v2\/pages\/902\/revisions"}],"wp:attachment":[{"href":"https:\/\/www.skiverein-luetzel.de\/index.php?rest_route=%2Fwp%2Fv2%2Fmedia&parent=902"}],"curies":[{"name":"wp","href":"https:\/\/api.w.org\/{rel}","templated":true}]}}