{"id":229,"date":"2019-10-27T10:32:35","date_gmt":"2019-10-27T09:32:35","guid":{"rendered":"http:\/\/neuehomepage.skiverein-luetzel.de\/?page_id=229"},"modified":"2024-12-08T19:26:41","modified_gmt":"2024-12-08T18:26:41","slug":"wintersport","status":"publish","type":"page","link":"https:\/\/www.skiverein-luetzel.de\/?page_id=229","title":{"rendered":"Wintersport"},"content":{"rendered":"\t\t<div data-elementor-type=\"wp-page\" data-elementor-id=\"229\" class=\"elementor elementor-229\">\n\t\t\t\t\t\t<section class=\"elementor-section elementor-top-section elementor-element elementor-element-e6ec3e3 elementor-section-boxed elementor-section-height-default elementor-section-height-default\" data-id=\"e6ec3e3\" data-element_type=\"section\">\n\t\t\t\t\t\t<div class=\"elementor-container elementor-column-gap-default\">\n\t\t\t\t\t<div class=\"elementor-column elementor-col-50 elementor-top-column elementor-element elementor-element-c39d620\" data-id=\"c39d620\" data-element_type=\"column\">\n\t\t\t<div class=\"elementor-widget-wrap elementor-element-populated\">\n\t\t\t\t\t\t<div class=\"elementor-element elementor-element-e5d576b elementor-widget elementor-widget-text-editor\" data-id=\"e5d576b\" data-element_type=\"widget\" data-settings=\"{&quot;_animation&quot;:&quot;none&quot;}\" data-widget_type=\"text-editor.default\">\n\t\t\t\t<div class=\"elementor-widget-container\">\n\t\t\t\t\t\t\t<h1 style=\"text-align: left;\"><a href=\"https:\/\/www.skiverein-luetzel.de\/?page_id=1852\"><b><u>Skilift<\/u><\/b><\/a><\/h1>\t\t\t\t\t\t<\/div>\n\t\t\t\t<\/div>\n\t\t\t\t<div class=\"elementor-element elementor-element-b93829a elementor-widget elementor-widget-text-editor\" data-id=\"b93829a\" data-element_type=\"widget\" data-widget_type=\"text-editor.default\">\n\t\t\t\t<div class=\"elementor-widget-container\">\n\t\t\t\t\t\t\t<p>Die L\u00e4nge des Abfahrtshangs betr\u00e4gt etwa 450 m. Er ist etwa 100 m breit und weist ein Gef\u00e4lle von 20 bis 30 Grad auf.<\/p><p><strong>Leider k\u00f6nnen wir auch im Winter 2024\/25 keinen Liftbetrieb anbieten. N\u00e4here Informationen findet Ihr im folgenden Beitrag.<\/strong>\u00a0<br \/><a href=\"https:\/\/www.skiverein-luetzel.de\/?p=2970\"><strong>Loipenbetrieb, Rodelbahn und Lift 2024\/2025<\/strong><\/a><\/p>\t\t\t\t\t\t<\/div>\n\t\t\t\t<\/div>\n\t\t\t\t\t<\/div>\n\t\t<\/div>\n\t\t\t\t<div class=\"elementor-column elementor-col-50 elementor-top-column elementor-element elementor-element-c9c1a64\" data-id=\"c9c1a64\" data-element_type=\"column\">\n\t\t\t<div class=\"elementor-widget-wrap elementor-element-populated\">\n\t\t\t\t\t\t<div class=\"elementor-element elementor-element-4d137ac elementor-widget elementor-widget-image\" data-id=\"4d137ac\" data-element_type=\"widget\" data-widget_type=\"image.default\">\n\t\t\t\t<div class=\"elementor-widget-container\">\n\t\t\t\t\t\t\t\t\t\t\t\t\t\t<a href=\"http:\/\/neuehomepage.skiverein-luetzel.de\/index.php\/skilift-2\/\">\n\t\t\t\t\t\t\t<img fetchpriority=\"high\" decoding=\"async\" width=\"300\" height=\"217\" src=\"https:\/\/www.skiverein-luetzel.de\/wp-content\/uploads\/2019\/11\/Skilift01-300x217.jpg\" class=\"attachment-medium size-medium wp-image-534\" alt=\"\" srcset=\"https:\/\/www.skiverein-luetzel.de\/wp-content\/uploads\/2019\/11\/Skilift01-300x217.jpg 300w, https:\/\/www.skiverein-luetzel.de\/wp-content\/uploads\/2019\/11\/Skilift01-768x556.jpg 768w, https:\/\/www.skiverein-luetzel.de\/wp-content\/uploads\/2019\/11\/Skilift01-1024x742.jpg 1024w, https:\/\/www.skiverein-luetzel.de\/wp-content\/uploads\/2019\/11\/Skilift01.jpg 1280w\" sizes=\"(max-width: 300px) 100vw, 300px\" \/>\t\t\t\t\t\t\t\t<\/a>\n\t\t\t\t\t\t\t\t\t\t\t\t\t<\/div>\n\t\t\t\t<\/div>\n\t\t\t\t\t<\/div>\n\t\t<\/div>\n\t\t\t\t\t<\/div>\n\t\t<\/section>\n\t\t\t\t<section class=\"elementor-section elementor-top-section elementor-element elementor-element-1c141e1 elementor-section-boxed elementor-section-height-default elementor-section-height-default\" data-id=\"1c141e1\" data-element_type=\"section\">\n\t\t\t\t\t\t<div class=\"elementor-container elementor-column-gap-default\">\n\t\t\t\t\t<div class=\"elementor-column elementor-col-100 elementor-top-column elementor-element elementor-element-226505a\" data-id=\"226505a\" data-element_type=\"column\">\n\t\t\t<div class=\"elementor-widget-wrap elementor-element-populated\">\n\t\t\t\t\t\t<div class=\"elementor-element elementor-element-71fd309 elementor-widget elementor-widget-spacer\" data-id=\"71fd309\" data-element_type=\"widget\" data-widget_type=\"spacer.default\">\n\t\t\t\t<div class=\"elementor-widget-container\">\n\t\t\t\t\t<div class=\"elementor-spacer\">\n\t\t\t<div class=\"elementor-spacer-inner\"><\/div>\n\t\t<\/div>\n\t\t\t\t<\/div>\n\t\t\t\t<\/div>\n\t\t\t\t\t<\/div>\n\t\t<\/div>\n\t\t\t\t\t<\/div>\n\t\t<\/section>\n\t\t\t\t<section class=\"elementor-section elementor-top-section elementor-element elementor-element-78aea0c elementor-section-boxed elementor-section-height-default elementor-section-height-default\" data-id=\"78aea0c\" data-element_type=\"section\">\n\t\t\t\t\t\t<div class=\"elementor-container elementor-column-gap-default\">\n\t\t\t\t\t<div class=\"elementor-column elementor-col-50 elementor-top-column elementor-element elementor-element-47e810d\" data-id=\"47e810d\" data-element_type=\"column\">\n\t\t\t<div class=\"elementor-widget-wrap elementor-element-populated\">\n\t\t\t\t\t\t<div class=\"elementor-element elementor-element-9ba9071 elementor-widget elementor-widget-text-editor\" data-id=\"9ba9071\" data-element_type=\"widget\" data-settings=\"{&quot;_animation&quot;:&quot;none&quot;}\" data-widget_type=\"text-editor.default\">\n\t\t\t\t<div class=\"elementor-widget-container\">\n\t\t\t\t\t\t\t<h1 style=\"text-align: left;\"><a href=\"https:\/\/www.skiverein-luetzel.de\/?page_id=240\"><b><u>Loipen<\/u><\/b><\/a><\/h1>\t\t\t\t\t\t<\/div>\n\t\t\t\t<\/div>\n\t\t\t\t<div class=\"elementor-element elementor-element-4f5d718 elementor-widget elementor-widget-text-editor\" data-id=\"4f5d718\" data-element_type=\"widget\" data-widget_type=\"text-editor.default\">\n\t\t\t\t<div class=\"elementor-widget-container\">\n\t\t\t\t\t\t\t<p>Das Wintersportgebiet L\u00fctzel verf\u00fcgt \u00fcber einen Pistenbully mit doppelspurigem Loipenger\u00e4t, Schild und Gl\u00e4ttebrett. Die Langlauf-Loipen haben L\u00e4ngen von 1,5 km, 2 km, 5 km und 7,5 km<\/p>\t\t\t\t\t\t<\/div>\n\t\t\t\t<\/div>\n\t\t\t\t\t<\/div>\n\t\t<\/div>\n\t\t\t\t<div class=\"elementor-column elementor-col-50 elementor-top-column elementor-element elementor-element-5a697ac\" data-id=\"5a697ac\" data-element_type=\"column\">\n\t\t\t<div class=\"elementor-widget-wrap elementor-element-populated\">\n\t\t\t\t\t\t<div class=\"elementor-element elementor-element-b685fbe elementor-widget elementor-widget-image\" data-id=\"b685fbe\" data-element_type=\"widget\" data-widget_type=\"image.default\">\n\t\t\t\t<div class=\"elementor-widget-container\">\n\t\t\t\t\t\t\t\t\t\t\t\t\t\t<a href=\"http:\/\/neuehomepage.skiverein-luetzel.de\/index.php\/loipe\/\">\n\t\t\t\t\t\t\t<img decoding=\"async\" width=\"300\" height=\"200\" src=\"https:\/\/www.skiverein-luetzel.de\/wp-content\/uploads\/2019\/11\/Langlauf01-300x200.jpg\" class=\"attachment-medium size-medium wp-image-536\" alt=\"\" srcset=\"https:\/\/www.skiverein-luetzel.de\/wp-content\/uploads\/2019\/11\/Langlauf01-300x200.jpg 300w, https:\/\/www.skiverein-luetzel.de\/wp-content\/uploads\/2019\/11\/Langlauf01-768x512.jpg 768w, https:\/\/www.skiverein-luetzel.de\/wp-content\/uploads\/2019\/11\/Langlauf01-1024x682.jpg 1024w, https:\/\/www.skiverein-luetzel.de\/wp-content\/uploads\/2019\/11\/Langlauf01.jpg 1280w\" sizes=\"(max-width: 300px) 100vw, 300px\" \/>\t\t\t\t\t\t\t\t<\/a>\n\t\t\t\t\t\t\t\t\t\t\t\t\t<\/div>\n\t\t\t\t<\/div>\n\t\t\t\t\t<\/div>\n\t\t<\/div>\n\t\t\t\t\t<\/div>\n\t\t<\/section>\n\t\t\t\t<section class=\"elementor-section elementor-top-section elementor-element elementor-element-f6d925a elementor-section-boxed elementor-section-height-default elementor-section-height-default\" data-id=\"f6d925a\" data-element_type=\"section\">\n\t\t\t\t\t\t<div class=\"elementor-container elementor-column-gap-default\">\n\t\t\t\t\t<div class=\"elementor-column elementor-col-100 elementor-top-column elementor-element elementor-element-8fe10a4\" data-id=\"8fe10a4\" data-element_type=\"column\">\n\t\t\t<div class=\"elementor-widget-wrap elementor-element-populated\">\n\t\t\t\t\t\t<div class=\"elementor-element elementor-element-77d9421 elementor-widget elementor-widget-spacer\" data-id=\"77d9421\" data-element_type=\"widget\" data-widget_type=\"spacer.default\">\n\t\t\t\t<div class=\"elementor-widget-container\">\n\t\t\t\t\t<div class=\"elementor-spacer\">\n\t\t\t<div class=\"elementor-spacer-inner\"><\/div>\n\t\t<\/div>\n\t\t\t\t<\/div>\n\t\t\t\t<\/div>\n\t\t\t\t\t<\/div>\n\t\t<\/div>\n\t\t\t\t\t<\/div>\n\t\t<\/section>\n\t\t\t\t<section class=\"elementor-section elementor-top-section elementor-element elementor-element-b072a11 elementor-section-boxed elementor-section-height-default elementor-section-height-default\" data-id=\"b072a11\" data-element_type=\"section\">\n\t\t\t\t\t\t<div class=\"elementor-container elementor-column-gap-default\">\n\t\t\t\t\t<div class=\"elementor-column elementor-col-50 elementor-top-column elementor-element elementor-element-ebcae8b\" data-id=\"ebcae8b\" data-element_type=\"column\">\n\t\t\t<div class=\"elementor-widget-wrap elementor-element-populated\">\n\t\t\t\t\t\t<div class=\"elementor-element elementor-element-39d77b3 elementor-widget elementor-widget-text-editor\" data-id=\"39d77b3\" data-element_type=\"widget\" data-widget_type=\"text-editor.default\">\n\t\t\t\t<div class=\"elementor-widget-container\">\n\t\t\t\t\t\t\t<h1><a href=\"https:\/\/www.skiverein-luetzel.de\/?page_id=242\"><strong><span style=\"text-decoration: underline;\">Rodelbahn<\/span><\/strong><\/a><\/h1>\t\t\t\t\t\t<\/div>\n\t\t\t\t<\/div>\n\t\t\t\t<div class=\"elementor-element elementor-element-9b37dab elementor-widget elementor-widget-text-editor\" data-id=\"9b37dab\" data-element_type=\"widget\" data-widget_type=\"text-editor.default\">\n\t\t\t\t<div class=\"elementor-widget-container\">\n\t\t\t\t\t\t\t<p>Die etwa 250m lange, anspruchsvolle Rodelbahn steht allen Rodlern kostenlos zur Verf\u00fcgung.<br \/>Eine weitere Kinderrodelbahn befindet sich hinter der Skih\u00fctte.\u00a0<\/p>\t\t\t\t\t\t<\/div>\n\t\t\t\t<\/div>\n\t\t\t\t\t<\/div>\n\t\t<\/div>\n\t\t\t\t<div class=\"elementor-column elementor-col-50 elementor-top-column elementor-element elementor-element-d02110c\" data-id=\"d02110c\" data-element_type=\"column\">\n\t\t\t<div class=\"elementor-widget-wrap elementor-element-populated\">\n\t\t\t\t\t\t<div class=\"elementor-element elementor-element-a6b1638 elementor-widget elementor-widget-image\" data-id=\"a6b1638\" data-element_type=\"widget\" data-widget_type=\"image.default\">\n\t\t\t\t<div class=\"elementor-widget-container\">\n\t\t\t\t\t\t\t\t\t\t\t\t\t<img decoding=\"async\" width=\"300\" height=\"200\" src=\"https:\/\/www.skiverein-luetzel.de\/wp-content\/uploads\/2019\/11\/snow-3048610_1280-300x200.jpg\" class=\"attachment-medium size-medium wp-image-498\" alt=\"\" srcset=\"https:\/\/www.skiverein-luetzel.de\/wp-content\/uploads\/2019\/11\/snow-3048610_1280-300x200.jpg 300w, https:\/\/www.skiverein-luetzel.de\/wp-content\/uploads\/2019\/11\/snow-3048610_1280-768x512.jpg 768w, https:\/\/www.skiverein-luetzel.de\/wp-content\/uploads\/2019\/11\/snow-3048610_1280-1024x682.jpg 1024w, https:\/\/www.skiverein-luetzel.de\/wp-content\/uploads\/2019\/11\/snow-3048610_1280.jpg 1280w\" sizes=\"(max-width: 300px) 100vw, 300px\" \/>\t\t\t\t\t\t\t\t\t\t\t\t\t<\/div>\n\t\t\t\t<\/div>\n\t\t\t\t\t<\/div>\n\t\t<\/div>\n\t\t\t\t\t<\/div>\n\t\t<\/section>\n\t\t\t\t<\/div>\n\t\t","protected":false},"excerpt":{"rendered":"<p>Skilift Die L\u00e4nge des Abfahrtshangs betr\u00e4gt etwa 450 m. Er ist etwa 100 m breit und weist ein Gef\u00e4lle von<\/p>\n","protected":false},"author":1,"featured_media":0,"parent":0,"menu_order":0,"comment_status":"closed","ping_status":"closed","template":"","meta":{"footnotes":""},"class_list":["post-229","page","type-page","status-publish","hentry"],"_links":{"self":[{"href":"https:\/\/www.skiverein-luetzel.de\/index.php?rest_route=\/wp\/v2\/pages\/229","targetHints":{"allow":["GET"]}}],"collection":[{"href":"https:\/\/www.skiverein-luetzel.de\/index.php?rest_route=\/wp\/v2\/pages"}],"about":[{"href":"https:\/\/www.skiverein-luetzel.de\/index.php?rest_route=\/wp\/v2\/types\/page"}],"author":[{"embeddable":true,"href":"https:\/\/www.skiverein-luetzel.de\/index.php?rest_route=\/wp\/v2\/users\/1"}],"replies":[{"embeddable":true,"href":"https:\/\/www.skiverein-luetzel.de\/index.php?rest_route=%2Fwp%2Fv2%2Fcomments&post=229"}],"version-history":[{"count":6,"href":"https:\/\/www.skiverein-luetzel.de\/index.php?rest_route=\/wp\/v2\/pages\/229\/revisions"}],"predecessor-version":[{"id":2998,"href":"https:\/\/www.skiverein-luetzel.de\/index.php?rest_route=\/wp\/v2\/pages\/229\/revisions\/2998"}],"wp:attachment":[{"href":"https:\/\/www.skiverein-luetzel.de\/index.php?rest_route=%2Fwp%2Fv2%2Fmedia&parent=229"}],"curies":[{"name":"wp","href":"https:\/\/api.w.org\/{rel}","templated":true}]}}